{"id":27,"date":"2020-01-22T10:06:06","date_gmt":"2020-01-22T09:06:06","guid":{"rendered":"http:\/\/tempir.org\/?page_id=27"},"modified":"2020-01-22T10:06:06","modified_gmt":"2020-01-22T09:06:06","slug":"que-es-tempir","status":"publish","type":"page","link":"https:\/\/tempir.org\/?page_id=27","title":{"rendered":"Qu\u00e8 \u00e9s Tempir?"},"content":{"rendered":"\n<figure class=\"wp-block-image size-large is-style-default\"><img loading=\"lazy\" decoding=\"async\" width=\"1024\" height=\"768\" src=\"http:\/\/tempir.org\/wp-content\/uploads\/2020\/01\/IMG_1134-1024x768.jpg\" alt=\"\" class=\"wp-image-28\" srcset=\"https:\/\/tempir.org\/wp-content\/uploads\/2020\/01\/IMG_1134-1024x768.jpg 1024w, https:\/\/tempir.org\/wp-content\/uploads\/2020\/01\/IMG_1134-300x225.jpg 300w, https:\/\/tempir.org\/wp-content\/uploads\/2020\/01\/IMG_1134-768x576.jpg 768w, https:\/\/tempir.org\/wp-content\/uploads\/2020\/01\/IMG_1134-1536x1152.jpg 1536w, https:\/\/tempir.org\/wp-content\/uploads\/2020\/01\/IMG_1134-2048x1536.jpg 2048w\" sizes=\"auto, (max-width: 1024px) 100vw, 1024px\" \/><\/figure>\n\n\n\n<p><strong>Tempir<\/strong> \u00e9s un centre educatiu d&#8217;activitats extraescolars i del lleure, per a nois de 14 a 18 anys d&#8217;edat. La seva finalitat \u00e9s la de completar la tasca educativa que es desenvolupa, fonamentalment, a la fam\u00edlia i a l&#8217;escola. <\/p>\n\n\n\n<p>Totes les activitats que es realitzen a Tempir estan inspirades per principis cristians. Concretament, la junta directiva del club confia la responsabilitat de l&#8217;activitat formativa a la Prelatura de l&#8217;<a href=\"http:\/\/www.opusdei.cat\">Opus Dei<\/a>, instituci\u00f3 de l&#8217;Esgl\u00e9sia Cat\u00f2lica, que va fundar Sant Josepmaria Escriv\u00e0 de Balaguer, que fomenta la cerca de la santedat enmig del m\u00f3n i la vida ordin\u00e0ria.<\/p>\n","protected":false},"excerpt":{"rendered":"<p>Tempir \u00e9s un centre educatiu d&#8217;activitats extraescolars i del lleure, per a nois de 14 a 18 anys d&#8217;edat. La seva finalitat \u00e9s la de completar la tasca educativa que es desenvolupa, fonamentalment, a&#46;&#46;&#46;<\/p>\n","protected":false},"author":3,"featured_media":28,"parent":0,"menu_order":0,"comment_status":"closed","ping_status":"closed","template":"","meta":{"footnotes":""},"class_list":["post-27","page","type-page","status-publish","has-post-thumbnail","hentry"],"_links":{"self":[{"href":"https:\/\/tempir.org\/index.php?rest_route=\/wp\/v2\/pages\/27","targetHints":{"allow":["GET"]}}],"collection":[{"href":"https:\/\/tempir.org\/index.php?rest_route=\/wp\/v2\/pages"}],"about":[{"href":"https:\/\/tempir.org\/index.php?rest_route=\/wp\/v2\/types\/page"}],"author":[{"embeddable":true,"href":"https:\/\/tempir.org\/index.php?rest_route=\/wp\/v2\/users\/3"}],"replies":[{"embeddable":true,"href":"https:\/\/tempir.org\/index.php?rest_route=%2Fwp%2Fv2%2Fcomments&post=27"}],"version-history":[{"count":3,"href":"https:\/\/tempir.org\/index.php?rest_route=\/wp\/v2\/pages\/27\/revisions"}],"predecessor-version":[{"id":31,"href":"https:\/\/tempir.org\/index.php?rest_route=\/wp\/v2\/pages\/27\/revisions\/31"}],"wp:featuredmedia":[{"embeddable":true,"href":"https:\/\/tempir.org\/index.php?rest_route=\/wp\/v2\/media\/28"}],"wp:attachment":[{"href":"https:\/\/tempir.org\/index.php?rest_route=%2Fwp%2Fv2%2Fmedia&parent=27"}],"curies":[{"name":"wp","href":"https:\/\/api.w.org\/{rel}","templated":true}]}}